{"id":7,"date":"2025-11-17T14:42:19","date_gmt":"2025-11-17T14:42:19","guid":{"rendered":"https:\/\/swisstrainingsystem.ponteshare.ch\/?page_id=7"},"modified":"2025-11-17T15:12:44","modified_gmt":"2025-11-17T15:12:44","slug":"materialis-pro","status":"publish","type":"page","link":"https:\/\/swisstrainingsystem.ponteshare.ch\/","title":{"rendered":"Front Page"},"content":{"rendered":"<div  id=\"overlappable-8\" style=\"background-color: #F4ECDF;\" data-label=\"Overlappable\" data-id=\"overlappable-5-materialis\" data-export-id=\"overlappable-5-materialis\" data-category=\"overlappable\" class=\"overlappable-5-materialis content-section content-section-spacing-large\" data-overlap=\"true\">\n    <div  class=\"gridContainer\">\n        <div  data-type=\"row\" class=\"row spaced-cols \">\n            <div  class=\"col-xs-12 col-sm-6 col-md-4 \">\n                <div  class=\"card mdc-elevation--z3 row-card\">\n                    <div  class=\"row\">\n                        <div  class=\"col-xs-12 col-sm-fit icon-col\" data-fixed=\"true\">\n                            <i  class=\"color1 icon mdi mdi-laptop-mac reverse round big\"><\/i>\n                        <\/div>\n                        <div  class=\"col-xs-12 col-sm\" data-type=\"column\">\n                            <h4  class=\"color-black\">ONLINE COACHING<\/h4>\n                            <p  class=\"\">Individuelle Programme f\u00fcr Ern\u00e4hrung, Training &amp; Performance. Inklusive Weight-Cut und VIP Optionen.<\/p>\n                        <\/div>\n                    <\/div>\n                <\/div>\n            <\/div>\n            <div  class=\"col-xs-12 col-sm-6 col-md-4 \">\n                <div  class=\"card mdc-elevation--z3 row-card\">\n                    <div  class=\"row\">\n                        <div  class=\"col-xs-12 col-sm-fit icon-col\" data-fixed=\"true\">\n                            <i  class=\"color1 icon mdi mdi-account-check reverse round big\"><\/i>\n                        <\/div>\n                        <div  class=\"col-xs-12 col-sm\" data-type=\"column\">\n                            <h4  class=\"color-black\">EINZELBERATUNG<\/h4>\n                            <p  class=\"\">Gezielte 1:1 Analyse f\u00fcr Performance, Biohacking und Strategie. Ideal f\u00fcr spezifische Fragen ohne Abo.<\/p>\n                        <\/div>\n                    <\/div>\n                <\/div>\n            <\/div>\n            <div  class=\"col-xs-12 col-sm-6 col-md-4 \">\n                <div  class=\"card mdc-elevation--z3 row-card\">\n                    <div  class=\"row\">\n                        <div  class=\"col-xs-12 col-sm-fit icon-col\" data-fixed=\"true\">\n                            <i  class=\"color1 icon mdi mdi-domain reverse round big\"><\/i>\n                        <\/div>\n                        <div  class=\"col-xs-12 col-sm\" data-type=\"column\">\n                            <h4  class=\"color-black\">FIRMENANGEBOTE<\/h4>\n                            <p  class=\"\">Gesundheits- und Performanceprogramme f\u00fcr Unternehmen und Teams. Seminare &amp; Workshops auf Anfrage.<\/p>\n                        <\/div>\n                    <\/div>\n                <\/div>\n            <\/div>\n        <\/div>\n    <\/div>\n<\/div><div  id=\"about-6\" style=\"background-color: #F4ECDF;\" data-label=\"About\" data-id=\"about-4\" data-export-id=\"about-4\" data-category=\"about\" class=\"about-4 content-section content-section-spacing-large\">\n    <div  class=\"gridContainer\">\n        <div  class=\"row middle-sm text-center\">\n            <div  class=\"col-sm-5 space-bottom-xs\" data-type=\"column\">\n                <h5  class=\"\">SWISS TRAINING SYSTEM<\/h5>\n                <h2  class=\"\">Performance, <br > <span  style=\"font-family: Playfair Display,sans-serif; font-weight: 700; font-style: italic;\" href=\"#\">Gesundheit &amp; Resultate<\/span><\/h2>\n                <p  class=\"\">Modern, dynamisch und sauber strukturiert. Wir sind dein Partner f\u00fcr messbare Erfolge. Starte jetzt deine eigene Erfolgsgeschichte.<\/p>\n                <a  class=\"button big color1 mdc-ripple-upgraded\" href=\"#\">JETZT STARTEN<\/a>\n            <\/div>\n            <div  class=\"col-sm-7 flexbox center-xs middle-xs image-group-2-img padding-top-bottom\">\n                <img  decoding=\"async\" class=\"img-1 rounded mdc-elevation--z10\" data-size=\"250x200\" src=\"https:\/\/swisstrainingsystem.ponteshare.ch\/wp-content\/uploads\/2025\/11\/cropped-pexels-pixabay-209977-scaled-1.jpg\">\n                <img  decoding=\"async\" class=\"img-2 rounded mdc-elevation--z10\" data-size=\"220x170\" src=\"https:\/\/swisstrainingsystem.ponteshare.ch\/wp-content\/uploads\/2025\/11\/cropped-pexels-scottwebb-28061-scaled-1.jpg\">\n            <\/div>\n        <\/div>\n    <\/div>\n<\/div><div  id=\"features-2\" style=\"background-color: #ffffff;\" data-label=\"Features\" data-id=\"features-10-materialis\" data-export-id=\"features-10-materialis\" data-category=\"features\" class=\"features-10m content-section-spacing-large content-section\">\n    <div  class=\"gridContainer\">\n        <div  class=\"row\">\n            <div  class=\"section-title-col\" data-type=\"column\">\n                <h2  class=\"\">Unsere Expertise<\/h2>\n                <p  class=\"\">Ma\u00dfgeschneiderte L\u00f6sungen f\u00fcr Athleten und High-Performer.<\/p>\n            <\/div>\n        <\/div>\n        <div  class=\"row \">\n            <div  class=\"col-xs-12 col-md-10 col-md-offset-1\">\n                <div  class=\"row space-top spaced-cols content-center-sm\" data-type=\"row\" data-max-items=\"4\">\n                    <div  class=\"col-xs-10 col-md-4 col-sm-6 col-sm-offset-0 col-xs-offset-1\">\n                        <div  class=\"card no-radius mdc-elevation--z1 y-move bg-color-white padding-24 bordered\" data-type=\"column\">\n                            <i  class=\"mdi icon mdi-weight-lifter big round reverse color1\"><\/i>\n                            <h6  class=\"\">Trainingspl\u00e4ne<\/h6>\n                        <\/div>\n                    <\/div>\n                    <div  class=\"col-xs-10 col-md-4 col-sm-6 col-sm-offset-0 col-xs-offset-1\">\n                        <div  class=\"card no-radius mdc-elevation--z1 y-move bg-color-white padding-24 bordered\" data-type=\"column\">\n                            <i  class=\"mdi icon mdi-food-apple big round reverse color1\"><\/i>\n                            <h6  class=\"\">Ern\u00e4hrungsberatung<\/h6>\n                        <\/div>\n                    <\/div>\n                    <div  class=\"col-xs-10 col-md-4 col-sm-6 col-sm-offset-0 col-xs-offset-1\">\n                        <div  class=\"card no-radius mdc-elevation--z1 y-move bg-color-white padding-24 bordered\" data-type=\"column\">\n                            <i  class=\"mdi icon mdi-scale-bathroom big round reverse color1\"><\/i>\n                            <h6  class=\"\">Weight-Cut<\/h6>\n                        <\/div>\n                    <\/div>\n                    <div  class=\"col-xs-10 col-md-4 col-sm-6 col-sm-offset-0 col-xs-offset-1\">\n                        <div  class=\"card no-radius mdc-elevation--z1 y-move bg-color-white padding-24 bordered\" data-type=\"column\">\n                            <i  class=\"mdi icon mdi-dna big round reverse color1\"><\/i>\n                            <h6  class=\"\">Biohacking &amp; Longevity<\/h6>\n                        <\/div>\n                    <\/div>\n                    <div  class=\"col-md-4 col-sm-6 col-sm-offset-0 col-xs-10 col-xs-offset-1\">\n                        <div  class=\"card no-radius mdc-elevation--z1 y-move bg-color-white padding-24 bordered\" data-type=\"column\">\n                            <i  class=\"mdi icon mdi-gavel big round reverse color1\"><\/i>\n                            <h6  class=\"\">Strategische Beratung<\/h6>\n                        <\/div>\n                    <\/div>\n                    <div  class=\"col-md-4 col-sm-6 col-sm-offset-0 col-xs-10 col-xs-offset-1\">\n                        <div  class=\"card no-radius mdc-elevation--z1 y-move bg-color-white padding-24 bordered\" data-type=\"column\">\n                            <i  class=\"mdi icon mdi-school big round reverse color1\"><\/i>\n                            <h6  class=\"\">Seminare &amp; Workshops<\/h6>\n                        <\/div>\n                    <\/div>\n                <\/div>\n            <\/div>\n        <\/div>\n    <\/div>\n<\/div><div  id=\"content-24\" style=\"background-color: #F4ECDF;\" data-label=\"Content\" data-id=\"content-7-materialis\" data-export-id=\"content-7-materialis\" data-category=\"content\" class=\"content-7m content-section-spacing-large content-section\">\n    <div  class=\"gridContainer\">\n        <div  class=\"row middle-sm\">\n            <div  class=\"col-md-6 col-xs-12 col-sm-6 col-padding-small-xs\">\n                <img  decoding=\"async\" class=\"mdc-elevation--z13 img-rounded\" src=\"https:\/\/swisstrainingsystem.ponteshare.ch\/wp-content\/uploads\/2025\/11\/cropped-pexels-olly-863977-scaled-1.jpg\">\n            <\/div>\n            <div  class=\"col-md-5 col-md-offset-1 col-xs-12 col-sm-6 content-left-sm col-padding-small-xs\" data-type=\"column\">\n                <h6  class=\"upper\">\u00dcBER UNS<\/h6>\n                <h3  class=\"space-bottom\">Netzwerk &amp; Partner<\/h3>\n                <p  class=\"space-top\">Unser Team agiert lokal, national und international. Wir arbeiten mit renommierten Ligen, Vereinen und Organisationen zusammen, sowie mit regionalen Spezialisten (Physios, Masseure), um das beste Ergebnis f\u00fcr dich zu erzielen.<\/p>\n                <a  href=\"#\" class=\"button read-more link color1 space-top negative-margin mdc-ripple-upgraded\">Mehr zum Team <i  class=\"mdi mdi-arrow-right-thick read-more-icon\"><\/i><\/a>\n            <\/div>\n        <\/div>\n    <\/div>\n<\/div><div  id=\"testimonials-2\" style=\"background-color: #ffffff;\" data-label=\"Testimonials\" data-id=\"testimonials-1-materialis\" data-export-id=\"testimonials-1-materialis\" data-category=\"testimonials\" class=\"testimonials-1m content-section content-section-spacing\">\n    <div  class=\"gridContainer\">\n        <div  class=\"row space-bottom-small\">\n            <div  data-type=\"column\" class=\"section-title-col\">\n                <h2  class=\"\">Erfolgsgeschichten<\/h2>\n                <p  class=\"lead\">Das sagen unsere Athleten und Kunden:<\/p>\n            <\/div>\n        <\/div>\n        <div  class=\"row spaced-cols content-left-sm\" data-type=\"row\">\n            <div  class=\"col-xs-12 col-sm-4 col-md-4\">\n                <div  class=\"card mdc-elevation--z3 small-padding no-border\">\n                    <div  class=\"row space-bottom-small\">\n                        <div  class=\"testimonial-body col-xs-12\" data-type=\"column\">\n                            <p  class=\"\">Dank dem Weight-Cut Programm konnte ich mein Wettkampfgewicht punktgenau erreichen ohne Leistungsverlust.<\/p>\n                        <\/div>\n                    <\/div>\n                    <div  class=\"row middle-xs f-align\">\n                        <div  class=\"col-xs-fit col-sm-12 col-md-fit space-bottom-image\" data-fixed=\"true\">\n                            <img  decoding=\"async\" data-fixed-elevation=\"true\" class=\"round image-70 mdc-elevation--z3\" src=\"https:\/\/swisstrainingsystem.ponteshare.ch\/wp-content\/plugins\/materialis-companion\/theme-data\/materialis\/sections\/images\/team-8.jpg\">\n                        <\/div>\n                        <div  class=\"col-xs-fit col-sm-12 col-md-fit info no-padding-left\" data-type=\"column\">\n                            <h6  class=\"font-700\">Athlet Name<\/h6>\n                            <p  class=\"small font-300\">Kampfsportler<\/p>\n                        <\/div>\n                    <\/div>\n                <\/div>\n            <\/div>\n            <div  class=\"col-xs-12 col-sm-4 col-md-4\">\n                <div  class=\"card mdc-elevation--z3 small-padding no-border\">\n                    <div  class=\"row space-bottom-small\">\n                        <div  class=\"testimonial-body col-xs-12\" data-type=\"column\">\n                            <p  class=\"\">Die Firmen-Seminare haben unser Team-Bewusstsein f\u00fcr Gesundheit am Arbeitsplatz nachhaltig ver\u00e4ndert.<\/p>\n                        <\/div>\n                    <\/div>\n                    <div  class=\"row middle-xs f-align\">\n                        <div  class=\"col-xs-fit col-sm-12 col-md-fit space-bottom-image\" data-fixed=\"true\">\n                            <img  decoding=\"async\" data-fixed-elevation=\"true\" class=\"round image-70 mdc-elevation--z3\" src=\"https:\/\/swisstrainingsystem.ponteshare.ch\/wp-content\/plugins\/materialis-companion\/theme-data\/materialis\/sections\/images\/team-1.jpg\">\n                        <\/div>\n                        <div  class=\"col-xs-fit col-sm-12 col-md-fit info no-padding-left\" data-type=\"column\">\n                            <h6  class=\"font-700\">HR Manager<\/h6>\n                            <p  class=\"small font-300\">Z\u00fcrich Versicherung<\/p>\n                        <\/div>\n                    <\/div>\n                <\/div>\n            <\/div>\n            <div  class=\"col-xs-12 col-sm-4 col-md-4\">\n                <div  class=\"card mdc-elevation--z3 small-padding no-border\">\n                    <div  class=\"row space-bottom-small\">\n                        <div  class=\"testimonial-body col-xs-12\" data-type=\"column\">\n                            <p  class=\"\">Das 1:1 Coaching hat meine Performance auf das n\u00e4chste Level gebracht. Absolut empfehlenswert.<\/p>\n                        <\/div>\n                    <\/div>\n                    <div  class=\"row middle-xs f-align\">\n                        <div  class=\"col-xs-fit col-sm-12 col-md-fit space-bottom-image\" data-fixed=\"true\">\n                            <img  decoding=\"async\" data-fixed-elevation=\"true\" class=\"round image-70 mdc-elevation--z3\" src=\"https:\/\/swisstrainingsystem.ponteshare.ch\/wp-content\/plugins\/materialis-companion\/theme-data\/materialis\/sections\/images\/team-7.jpg\">\n                        <\/div>\n                        <div  class=\"col-xs-fit col-sm-12 col-md-fit info no-padding-left\" data-type=\"column\">\n                            <h6  class=\"font-700\">Profi Fussballer<\/h6>\n                            <p  class=\"small font-300\">Super League<\/p>\n                        <\/div>\n                    <\/div>\n                <\/div>\n            <\/div>\n        <\/div>\n    <\/div>\n<\/div><div  id=\"cta-1\" style=\"background-color: #F4ECDF;\" data-label=\"Cta\" data-id=\"cta-1-materialis\" data-export-id=\"cta-1-materialis\" data-category=\"cta\" class=\"content-relative content-section content-section-spacing-large cta-1-materialis section-title-col-white-text\" data-section-ov=\"1\" data-parallax-depth=\"20\">\n    <div  class=\"gridContainer\">\n        <div  class=\"row text-center col-sm-padding-medium\">\n            <div  class=\"col-md-6 col-md-offset-3 col-xs-10 col-xs-offset-1 card mdc-elevation--z3 box-padding-lr-small\">\n                <div  data-type=\"column\" class=\"\">\n                    <h2  class=\"\">Kontaktiere jetzt unsere Experten<\/h2>\n                    <p  class=\"\">Egal ob Coaching, Beratung oder Firmenangebot. Wir helfen dir weiter.<\/p>\n                    <a  class=\"button big color1 mdc-elevation--z1 mdc-ripple-upgraded\">JETZT ANFRAGEN<\/a>\n                <\/div>\n            <\/div>\n        <\/div>\n    <\/div>\n<\/div>","protected":false},"excerpt":{"rendered":"","protected":false},"author":1,"featured_media":0,"parent":0,"menu_order":0,"comment_status":"closed","ping_status":"closed","template":"page-templates\/homepage.php","meta":{"footnotes":""},"class_list":["post-7","page","type-page","status-publish","hentry"],"_links":{"self":[{"href":"https:\/\/swisstrainingsystem.ponteshare.ch\/index.php?rest_route=\/wp\/v2\/pages\/7","targetHints":{"allow":["GET"]}}],"collection":[{"href":"https:\/\/swisstrainingsystem.ponteshare.ch\/index.php?rest_route=\/wp\/v2\/pages"}],"about":[{"href":"https:\/\/swisstrainingsystem.ponteshare.ch\/index.php?rest_route=\/wp\/v2\/types\/page"}],"author":[{"embeddable":true,"href":"https:\/\/swisstrainingsystem.ponteshare.ch\/index.php?rest_route=\/wp\/v2\/users\/1"}],"replies":[{"embeddable":true,"href":"https:\/\/swisstrainingsystem.ponteshare.ch\/index.php?rest_route=%2Fwp%2Fv2%2Fcomments&post=7"}],"version-history":[{"count":3,"href":"https:\/\/swisstrainingsystem.ponteshare.ch\/index.php?rest_route=\/wp\/v2\/pages\/7\/revisions"}],"predecessor-version":[{"id":26,"href":"https:\/\/swisstrainingsystem.ponteshare.ch\/index.php?rest_route=\/wp\/v2\/pages\/7\/revisions\/26"}],"wp:attachment":[{"href":"https:\/\/swisstrainingsystem.ponteshare.ch\/index.php?rest_route=%2Fwp%2Fv2%2Fmedia&parent=7"}],"curies":[{"name":"wp","href":"https:\/\/api.w.org\/{rel}","templated":true}]}}